{"id":8081,"date":"2021-12-09T16:34:16","date_gmt":"2021-12-09T15:34:16","guid":{"rendered":"https:\/\/smqs.ch\/impressum\/"},"modified":"2023-06-08T16:13:08","modified_gmt":"2023-06-08T14:13:08","slug":"impressum","status":"publish","type":"page","link":"https:\/\/smqs.ch\/en\/impressum\/","title":{"rendered":"Impressum"},"content":{"rendered":"<p>[vc_row css=&#8221;.vc_custom_1675420843992{padding-top: 25px !important;}&#8221;][vc_column][vc_column_text]<\/p>\n<p class=\"p1\">Arnold Bott AG<br \/>\nIndustriestrasse 59<br \/>\n8152 Glattbrugg<br \/>\nTel. +41 44 828 62 60<br \/>\nFax. +41 44 828 62 61<br \/>\n<span class=\"s1\"><a href=\"mailto:info@smqs.ch\">info@smqs.ch<\/a><br \/>\n<\/span><span class=\"s1\"><a href=\"http:\/\/www.arnoldbottag.ch\">www.arnoldbottag.ch<\/a><\/span><\/p>\n<p class=\"p4\">MWST-Nr.: CHE-100.127.380<span class=\"Apple-converted-space\"> <\/span><\/p>\n<p>[\/vc_column_text][\/vc_column][\/vc_row]<\/p>\n","protected":false},"excerpt":{"rendered":"<p>[vc_row css=&#8221;.vc_custom_1675420843992{padding-top: 25px !important;}&#8221;][vc_column][vc_column_text] Arnold Bott AG Industriestrasse 59 8152 Glattbrugg Tel. +41 44 828 62 60 Fax. +41 44 828 62 61 info@smqs.ch www.arnoldbottag.ch MWST-Nr.: CHE-100.127.380 [\/vc_column_text][\/vc_column][\/vc_row]<br \/><a href=\"https:\/\/smqs.ch\/en\/impressum\/\" class=\"more\">Read more<\/a><\/p>\n","protected":false},"author":1,"featured_media":0,"parent":0,"menu_order":3,"comment_status":"closed","ping_status":"closed","template":"onepage.php","meta":{"om_disable_all_campaigns":false,"_monsterinsights_skip_tracking":false,"_monsterinsights_sitenote_active":false,"_monsterinsights_sitenote_note":"","_monsterinsights_sitenote_category":0,"footnotes":""},"class_list":["post-8081","page","type-page","status-publish","hentry"],"aioseo_notices":[],"yoast_head":"<!-- This site is optimized with the Yoast SEO plugin v27.3 - https:\/\/yoast.com\/product\/yoast-seo-wordpress\/ -->\n<title>Impressum - smqs.ch<\/title>\n<meta name=\"robots\" content=\"index, follow, max-snippet:-1, max-image-preview:large, max-video-preview:-1\" \/>\n<link rel=\"canonical\" href=\"https:\/\/smqs.ch\/en\/impressum\/\" \/>\n<meta property=\"og:locale\" content=\"en_US\" \/>\n<meta property=\"og:type\" content=\"article\" \/>\n<meta property=\"og:title\" content=\"Impressum - smqs.ch\" \/>\n<meta property=\"og:description\" content=\"[vc_row css=&#8221;.vc_custom_1675420843992{padding-top: 25px !important;}&#8221;][vc_column][vc_column_text] Arnold Bott AG Industriestrasse 59 8152 Glattbrugg Tel. +41 44 828 62 60 Fax. +41 44 828 62 61 info@smqs.ch www.arnoldbottag.ch MWST-Nr.: CHE-100.127.380 [\/vc_column_text][\/vc_column][\/vc_row]Read more\" \/>\n<meta property=\"og:url\" content=\"https:\/\/smqs.ch\/en\/impressum\/\" \/>\n<meta property=\"og:site_name\" content=\"smqs.ch\" \/>\n<meta property=\"article:modified_time\" content=\"2023-06-08T14:13:08+00:00\" \/>\n<meta name=\"twitter:card\" content=\"summary_large_image\" \/>\n<script type=\"application\/ld+json\" class=\"yoast-schema-graph\">{\"@context\":\"https:\\\/\\\/schema.org\",\"@graph\":[{\"@type\":\"WebPage\",\"@id\":\"https:\\\/\\\/smqs.ch\\\/en\\\/impressum\\\/\",\"url\":\"https:\\\/\\\/smqs.ch\\\/en\\\/impressum\\\/\",\"name\":\"Impressum - smqs.ch\",\"isPartOf\":{\"@id\":\"https:\\\/\\\/smqs.ch\\\/en\\\/#website\"},\"datePublished\":\"2021-12-09T15:34:16+00:00\",\"dateModified\":\"2023-06-08T14:13:08+00:00\",\"breadcrumb\":{\"@id\":\"https:\\\/\\\/smqs.ch\\\/en\\\/impressum\\\/#breadcrumb\"},\"inLanguage\":\"en-US\",\"potentialAction\":[{\"@type\":\"ReadAction\",\"target\":[\"https:\\\/\\\/smqs.ch\\\/en\\\/impressum\\\/\"]}]},{\"@type\":\"BreadcrumbList\",\"@id\":\"https:\\\/\\\/smqs.ch\\\/en\\\/impressum\\\/#breadcrumb\",\"itemListElement\":[{\"@type\":\"ListItem\",\"position\":1,\"name\":\"Startseite\",\"item\":\"https:\\\/\\\/smqs.ch\\\/en\\\/\"},{\"@type\":\"ListItem\",\"position\":2,\"name\":\"Impressum\"}]},{\"@type\":\"WebSite\",\"@id\":\"https:\\\/\\\/smqs.ch\\\/en\\\/#website\",\"url\":\"https:\\\/\\\/smqs.ch\\\/en\\\/\",\"name\":\"smqs.ch\",\"description\":\"\u00abSMQS\u00bb bietet umfassende Dienstleistungen wie Unterst\u00fctzung bei der Produktregistrierung, Einhaltung gesetzlicher Bestimmungen (Compliance) und der Kooperation mit den Beh\u00f6rden bei allen Pr\u00e4ventiv- oder Korrekturmassnahmen (FSCA).\",\"publisher\":{\"@id\":\"https:\\\/\\\/smqs.ch\\\/en\\\/#organization\"},\"potentialAction\":[{\"@type\":\"SearchAction\",\"target\":{\"@type\":\"EntryPoint\",\"urlTemplate\":\"https:\\\/\\\/smqs.ch\\\/en\\\/?s={search_term_string}\"},\"query-input\":{\"@type\":\"PropertyValueSpecification\",\"valueRequired\":true,\"valueName\":\"search_term_string\"}}],\"inLanguage\":\"en-US\"},{\"@type\":\"Organization\",\"@id\":\"https:\\\/\\\/smqs.ch\\\/en\\\/#organization\",\"name\":\"SMQS by Arnold Bott AG\",\"url\":\"https:\\\/\\\/smqs.ch\\\/en\\\/\",\"logo\":{\"@type\":\"ImageObject\",\"inLanguage\":\"en-US\",\"@id\":\"https:\\\/\\\/smqs.ch\\\/en\\\/#\\\/schema\\\/logo\\\/image\\\/\",\"url\":\"https:\\\/\\\/smqs.ch\\\/wp-content\\\/uploads\\\/2022\\\/12\\\/Signatur_SMQS_allein_grau.png\",\"contentUrl\":\"https:\\\/\\\/smqs.ch\\\/wp-content\\\/uploads\\\/2022\\\/12\\\/Signatur_SMQS_allein_grau.png\",\"width\":1426,\"height\":651,\"caption\":\"SMQS by Arnold Bott AG\"},\"image\":{\"@id\":\"https:\\\/\\\/smqs.ch\\\/en\\\/#\\\/schema\\\/logo\\\/image\\\/\"}}]}<\/script>\n<!-- \/ Yoast SEO plugin. -->","yoast_head_json":{"title":"Impressum - smqs.ch","robots":{"index":"index","follow":"follow","max-snippet":"max-snippet:-1","max-image-preview":"max-image-preview:large","max-video-preview":"max-video-preview:-1"},"canonical":"https:\/\/smqs.ch\/en\/impressum\/","og_locale":"en_US","og_type":"article","og_title":"Impressum - smqs.ch","og_description":"[vc_row css=&#8221;.vc_custom_1675420843992{padding-top: 25px !important;}&#8221;][vc_column][vc_column_text] Arnold Bott AG Industriestrasse 59 8152 Glattbrugg Tel. +41 44 828 62 60 Fax. +41 44 828 62 61 info@smqs.ch www.arnoldbottag.ch MWST-Nr.: CHE-100.127.380 [\/vc_column_text][\/vc_column][\/vc_row]Read more","og_url":"https:\/\/smqs.ch\/en\/impressum\/","og_site_name":"smqs.ch","article_modified_time":"2023-06-08T14:13:08+00:00","twitter_card":"summary_large_image","schema":{"@context":"https:\/\/schema.org","@graph":[{"@type":"WebPage","@id":"https:\/\/smqs.ch\/en\/impressum\/","url":"https:\/\/smqs.ch\/en\/impressum\/","name":"Impressum - smqs.ch","isPartOf":{"@id":"https:\/\/smqs.ch\/en\/#website"},"datePublished":"2021-12-09T15:34:16+00:00","dateModified":"2023-06-08T14:13:08+00:00","breadcrumb":{"@id":"https:\/\/smqs.ch\/en\/impressum\/#breadcrumb"},"inLanguage":"en-US","potentialAction":[{"@type":"ReadAction","target":["https:\/\/smqs.ch\/en\/impressum\/"]}]},{"@type":"BreadcrumbList","@id":"https:\/\/smqs.ch\/en\/impressum\/#breadcrumb","itemListElement":[{"@type":"ListItem","position":1,"name":"Startseite","item":"https:\/\/smqs.ch\/en\/"},{"@type":"ListItem","position":2,"name":"Impressum"}]},{"@type":"WebSite","@id":"https:\/\/smqs.ch\/en\/#website","url":"https:\/\/smqs.ch\/en\/","name":"smqs.ch","description":"\u00abSMQS\u00bb bietet umfassende Dienstleistungen wie Unterst\u00fctzung bei der Produktregistrierung, Einhaltung gesetzlicher Bestimmungen (Compliance) und der Kooperation mit den Beh\u00f6rden bei allen Pr\u00e4ventiv- oder Korrekturmassnahmen (FSCA).","publisher":{"@id":"https:\/\/smqs.ch\/en\/#organization"},"potentialAction":[{"@type":"SearchAction","target":{"@type":"EntryPoint","urlTemplate":"https:\/\/smqs.ch\/en\/?s={search_term_string}"},"query-input":{"@type":"PropertyValueSpecification","valueRequired":true,"valueName":"search_term_string"}}],"inLanguage":"en-US"},{"@type":"Organization","@id":"https:\/\/smqs.ch\/en\/#organization","name":"SMQS by Arnold Bott AG","url":"https:\/\/smqs.ch\/en\/","logo":{"@type":"ImageObject","inLanguage":"en-US","@id":"https:\/\/smqs.ch\/en\/#\/schema\/logo\/image\/","url":"https:\/\/smqs.ch\/wp-content\/uploads\/2022\/12\/Signatur_SMQS_allein_grau.png","contentUrl":"https:\/\/smqs.ch\/wp-content\/uploads\/2022\/12\/Signatur_SMQS_allein_grau.png","width":1426,"height":651,"caption":"SMQS by Arnold Bott AG"},"image":{"@id":"https:\/\/smqs.ch\/en\/#\/schema\/logo\/image\/"}}]}},"_links":{"self":[{"href":"https:\/\/smqs.ch\/en\/wp-json\/wp\/v2\/pages\/8081","targetHints":{"allow":["GET"]}}],"collection":[{"href":"https:\/\/smqs.ch\/en\/wp-json\/wp\/v2\/pages"}],"about":[{"href":"https:\/\/smqs.ch\/en\/wp-json\/wp\/v2\/types\/page"}],"author":[{"embeddable":true,"href":"https:\/\/smqs.ch\/en\/wp-json\/wp\/v2\/users\/1"}],"replies":[{"embeddable":true,"href":"https:\/\/smqs.ch\/en\/wp-json\/wp\/v2\/comments?post=8081"}],"version-history":[{"count":6,"href":"https:\/\/smqs.ch\/en\/wp-json\/wp\/v2\/pages\/8081\/revisions"}],"predecessor-version":[{"id":8353,"href":"https:\/\/smqs.ch\/en\/wp-json\/wp\/v2\/pages\/8081\/revisions\/8353"}],"wp:attachment":[{"href":"https:\/\/smqs.ch\/en\/wp-json\/wp\/v2\/media?parent=8081"}],"curies":[{"name":"wp","href":"https:\/\/api.w.org\/{rel}","templated":true}]}}