{"id":8522,"date":"2024-08-28T15:39:41","date_gmt":"2024-08-28T13:39:41","guid":{"rendered":"https:\/\/smqs.ch\/downloads\/"},"modified":"2024-08-29T10:53:57","modified_gmt":"2024-08-29T08:53:57","slug":"downloads","status":"publish","type":"page","link":"https:\/\/smqs.ch\/en\/downloads\/","title":{"rendered":"Downloads"},"content":{"rendered":"<p>[vc_row][vc_column width=&#8221;1\/4&#8243;]<style type=\"text\/css\" >#b_qhs8xp4t7enbs2929y3z a{color:#c83724; background:; border-style:solid; border-color:#c83724; margin-top:150px; margin-bottom:150px;  margin-left:px; margin-right:px; font-weight:700; border-radius:3px;}#b_qhs8xp4t7enbs2929y3z a:hover{color:#ffffff ; background:#c83724 ; border-color:#c83724;}<\/style><div class=\"ta_left tf_btn_pos\" id=\"b_qhs8xp4t7enbs2929y3z\" ><a class=\"rd_stroke_bt medium_rd_bt border_1px  \" href=\"https:\/\/smqs.ch\/wp-content\/uploads\/2024\/08\/ISO13485_Arnold-Bott-AG_DE.pdf\" target=\"yes\"   >ISO 13485 certificate<\/a><\/div>[\/vc_column][vc_column width=&#8221;1\/4&#8243;][\/vc_column][vc_column width=&#8221;1\/4&#8243;][\/vc_column][vc_column width=&#8221;1\/4&#8243;][\/vc_column][\/vc_row]<\/p>\n","protected":false},"excerpt":{"rendered":"<p>[vc_row][vc_column width=&#8221;1\/4&#8243;]ISO 13485 certificate[\/vc_column][vc_column width=&#8221;1\/4&#8243;][\/vc_column][vc_column width=&#8221;1\/4&#8243;][\/vc_column][vc_column width=&#8221;1\/4&#8243;][\/vc_column][\/vc_row]<br \/><a href=\"https:\/\/smqs.ch\/en\/downloads\/\" class=\"more\">Read more<\/a><\/p>\n","protected":false},"author":1,"featured_media":0,"parent":0,"menu_order":0,"comment_status":"closed","ping_status":"closed","template":"onepage.php","meta":{"om_disable_all_campaigns":false,"_monsterinsights_skip_tracking":false,"_monsterinsights_sitenote_active":false,"_monsterinsights_sitenote_note":"","_monsterinsights_sitenote_category":0,"footnotes":""},"class_list":["post-8522","page","type-page","status-publish","hentry"],"aioseo_notices":[],"yoast_head":"<!-- This site is optimized with the Yoast SEO plugin v27.3 - https:\/\/yoast.com\/product\/yoast-seo-wordpress\/ -->\n<title>Downloads - smqs.ch<\/title>\n<meta name=\"robots\" content=\"index, follow, max-snippet:-1, max-image-preview:large, max-video-preview:-1\" \/>\n<link rel=\"canonical\" href=\"https:\/\/smqs.ch\/en\/downloads\/\" \/>\n<meta property=\"og:locale\" content=\"en_US\" \/>\n<meta property=\"og:type\" content=\"article\" \/>\n<meta property=\"og:title\" content=\"Downloads - smqs.ch\" \/>\n<meta property=\"og:description\" content=\"[vc_row][vc_column width=&#8221;1\/4&#8243;]ISO 13485 certificate[\/vc_column][vc_column width=&#8221;1\/4&#8243;][\/vc_column][vc_column width=&#8221;1\/4&#8243;][\/vc_column][vc_column width=&#8221;1\/4&#8243;][\/vc_column][\/vc_row]Read more\" \/>\n<meta property=\"og:url\" content=\"https:\/\/smqs.ch\/en\/downloads\/\" \/>\n<meta property=\"og:site_name\" content=\"smqs.ch\" \/>\n<meta property=\"article:modified_time\" content=\"2024-08-29T08:53:57+00:00\" \/>\n<meta name=\"twitter:card\" content=\"summary_large_image\" \/>\n<script type=\"application\/ld+json\" class=\"yoast-schema-graph\">{\"@context\":\"https:\\\/\\\/schema.org\",\"@graph\":[{\"@type\":\"WebPage\",\"@id\":\"https:\\\/\\\/smqs.ch\\\/en\\\/downloads\\\/\",\"url\":\"https:\\\/\\\/smqs.ch\\\/en\\\/downloads\\\/\",\"name\":\"Downloads - smqs.ch\",\"isPartOf\":{\"@id\":\"https:\\\/\\\/smqs.ch\\\/en\\\/#website\"},\"datePublished\":\"2024-08-28T13:39:41+00:00\",\"dateModified\":\"2024-08-29T08:53:57+00:00\",\"breadcrumb\":{\"@id\":\"https:\\\/\\\/smqs.ch\\\/en\\\/downloads\\\/#breadcrumb\"},\"inLanguage\":\"en-US\",\"potentialAction\":[{\"@type\":\"ReadAction\",\"target\":[\"https:\\\/\\\/smqs.ch\\\/en\\\/downloads\\\/\"]}]},{\"@type\":\"BreadcrumbList\",\"@id\":\"https:\\\/\\\/smqs.ch\\\/en\\\/downloads\\\/#breadcrumb\",\"itemListElement\":[{\"@type\":\"ListItem\",\"position\":1,\"name\":\"Startseite\",\"item\":\"https:\\\/\\\/smqs.ch\\\/en\\\/\"},{\"@type\":\"ListItem\",\"position\":2,\"name\":\"Downloads\"}]},{\"@type\":\"WebSite\",\"@id\":\"https:\\\/\\\/smqs.ch\\\/en\\\/#website\",\"url\":\"https:\\\/\\\/smqs.ch\\\/en\\\/\",\"name\":\"smqs.ch\",\"description\":\"\u00abSMQS\u00bb bietet umfassende Dienstleistungen wie Unterst\u00fctzung bei der Produktregistrierung, Einhaltung gesetzlicher Bestimmungen (Compliance) und der Kooperation mit den Beh\u00f6rden bei allen Pr\u00e4ventiv- oder Korrekturmassnahmen (FSCA).\",\"publisher\":{\"@id\":\"https:\\\/\\\/smqs.ch\\\/en\\\/#organization\"},\"potentialAction\":[{\"@type\":\"SearchAction\",\"target\":{\"@type\":\"EntryPoint\",\"urlTemplate\":\"https:\\\/\\\/smqs.ch\\\/en\\\/?s={search_term_string}\"},\"query-input\":{\"@type\":\"PropertyValueSpecification\",\"valueRequired\":true,\"valueName\":\"search_term_string\"}}],\"inLanguage\":\"en-US\"},{\"@type\":\"Organization\",\"@id\":\"https:\\\/\\\/smqs.ch\\\/en\\\/#organization\",\"name\":\"SMQS by Arnold Bott AG\",\"url\":\"https:\\\/\\\/smqs.ch\\\/en\\\/\",\"logo\":{\"@type\":\"ImageObject\",\"inLanguage\":\"en-US\",\"@id\":\"https:\\\/\\\/smqs.ch\\\/en\\\/#\\\/schema\\\/logo\\\/image\\\/\",\"url\":\"https:\\\/\\\/smqs.ch\\\/wp-content\\\/uploads\\\/2022\\\/12\\\/Signatur_SMQS_allein_grau.png\",\"contentUrl\":\"https:\\\/\\\/smqs.ch\\\/wp-content\\\/uploads\\\/2022\\\/12\\\/Signatur_SMQS_allein_grau.png\",\"width\":1426,\"height\":651,\"caption\":\"SMQS by Arnold Bott AG\"},\"image\":{\"@id\":\"https:\\\/\\\/smqs.ch\\\/en\\\/#\\\/schema\\\/logo\\\/image\\\/\"}}]}<\/script>\n<!-- \/ Yoast SEO plugin. -->","yoast_head_json":{"title":"Downloads - smqs.ch","robots":{"index":"index","follow":"follow","max-snippet":"max-snippet:-1","max-image-preview":"max-image-preview:large","max-video-preview":"max-video-preview:-1"},"canonical":"https:\/\/smqs.ch\/en\/downloads\/","og_locale":"en_US","og_type":"article","og_title":"Downloads - smqs.ch","og_description":"[vc_row][vc_column width=&#8221;1\/4&#8243;]ISO 13485 certificate[\/vc_column][vc_column width=&#8221;1\/4&#8243;][\/vc_column][vc_column width=&#8221;1\/4&#8243;][\/vc_column][vc_column width=&#8221;1\/4&#8243;][\/vc_column][\/vc_row]Read more","og_url":"https:\/\/smqs.ch\/en\/downloads\/","og_site_name":"smqs.ch","article_modified_time":"2024-08-29T08:53:57+00:00","twitter_card":"summary_large_image","schema":{"@context":"https:\/\/schema.org","@graph":[{"@type":"WebPage","@id":"https:\/\/smqs.ch\/en\/downloads\/","url":"https:\/\/smqs.ch\/en\/downloads\/","name":"Downloads - smqs.ch","isPartOf":{"@id":"https:\/\/smqs.ch\/en\/#website"},"datePublished":"2024-08-28T13:39:41+00:00","dateModified":"2024-08-29T08:53:57+00:00","breadcrumb":{"@id":"https:\/\/smqs.ch\/en\/downloads\/#breadcrumb"},"inLanguage":"en-US","potentialAction":[{"@type":"ReadAction","target":["https:\/\/smqs.ch\/en\/downloads\/"]}]},{"@type":"BreadcrumbList","@id":"https:\/\/smqs.ch\/en\/downloads\/#breadcrumb","itemListElement":[{"@type":"ListItem","position":1,"name":"Startseite","item":"https:\/\/smqs.ch\/en\/"},{"@type":"ListItem","position":2,"name":"Downloads"}]},{"@type":"WebSite","@id":"https:\/\/smqs.ch\/en\/#website","url":"https:\/\/smqs.ch\/en\/","name":"smqs.ch","description":"\u00abSMQS\u00bb bietet umfassende Dienstleistungen wie Unterst\u00fctzung bei der Produktregistrierung, Einhaltung gesetzlicher Bestimmungen (Compliance) und der Kooperation mit den Beh\u00f6rden bei allen Pr\u00e4ventiv- oder Korrekturmassnahmen (FSCA).","publisher":{"@id":"https:\/\/smqs.ch\/en\/#organization"},"potentialAction":[{"@type":"SearchAction","target":{"@type":"EntryPoint","urlTemplate":"https:\/\/smqs.ch\/en\/?s={search_term_string}"},"query-input":{"@type":"PropertyValueSpecification","valueRequired":true,"valueName":"search_term_string"}}],"inLanguage":"en-US"},{"@type":"Organization","@id":"https:\/\/smqs.ch\/en\/#organization","name":"SMQS by Arnold Bott AG","url":"https:\/\/smqs.ch\/en\/","logo":{"@type":"ImageObject","inLanguage":"en-US","@id":"https:\/\/smqs.ch\/en\/#\/schema\/logo\/image\/","url":"https:\/\/smqs.ch\/wp-content\/uploads\/2022\/12\/Signatur_SMQS_allein_grau.png","contentUrl":"https:\/\/smqs.ch\/wp-content\/uploads\/2022\/12\/Signatur_SMQS_allein_grau.png","width":1426,"height":651,"caption":"SMQS by Arnold Bott AG"},"image":{"@id":"https:\/\/smqs.ch\/en\/#\/schema\/logo\/image\/"}}]}},"_links":{"self":[{"href":"https:\/\/smqs.ch\/en\/wp-json\/wp\/v2\/pages\/8522","targetHints":{"allow":["GET"]}}],"collection":[{"href":"https:\/\/smqs.ch\/en\/wp-json\/wp\/v2\/pages"}],"about":[{"href":"https:\/\/smqs.ch\/en\/wp-json\/wp\/v2\/types\/page"}],"author":[{"embeddable":true,"href":"https:\/\/smqs.ch\/en\/wp-json\/wp\/v2\/users\/1"}],"replies":[{"embeddable":true,"href":"https:\/\/smqs.ch\/en\/wp-json\/wp\/v2\/comments?post=8522"}],"version-history":[{"count":10,"href":"https:\/\/smqs.ch\/en\/wp-json\/wp\/v2\/pages\/8522\/revisions"}],"predecessor-version":[{"id":8551,"href":"https:\/\/smqs.ch\/en\/wp-json\/wp\/v2\/pages\/8522\/revisions\/8551"}],"wp:attachment":[{"href":"https:\/\/smqs.ch\/en\/wp-json\/wp\/v2\/media?parent=8522"}],"curies":[{"name":"wp","href":"https:\/\/api.w.org\/{rel}","templated":true}]}}